

{"id":214279,"date":"2025-06-03T12:24:55","date_gmt":"2025-06-03T12:24:55","guid":{"rendered":"https:\/\/eeseude.expoexhibitionstands.it\/?page_id=214279"},"modified":"2025-06-26T10:23:47","modified_gmt":"2025-06-26T10:23:47","slug":"modulare-messestande","status":"publish","type":"page","link":"https:\/\/stage.ees-eu.entwicklerpark.de\/de\/modulare-messestande\/","title":{"rendered":"Modulare Messestande"},"content":{"rendered":"","protected":false},"excerpt":{"rendered":"","protected":false},"author":9,"featured_media":0,"parent":0,"menu_order":0,"comment_status":"closed","ping_status":"closed","template":"template\/page-builder.php","meta":{"_acf_changed":false,"footnotes":""},"class_list":["post-214279","page","type-page","status-publish","hentry"],"acf":[],"yoast_head":"<!-- This site is optimized with the Yoast SEO plugin v26.7 - https:\/\/yoast.com\/wordpress\/plugins\/seo\/ -->\n<title>Modularer Messestand in Deutschland | Vorteil Modularen Messest\u00e4nde<\/title>\n<meta name=\"description\" content=\"Unsere modularen Messestandsysteme sind leicht, kompakt, hochwertig und langlebig. Mit dem modularen Messebausystem k\u00f6nnen Sie Ihren modularen Messestand in einer Gr\u00f6\u00dfe von sechs bis 100 Quadratmetern schnell und einfach ohne fremde Hilfe auf- und abbauen.\" \/>\n<meta name=\"robots\" content=\"noindex, follow, max-snippet:-1, max-image-preview:large, max-video-preview:-1\" \/>\n<meta property=\"og:locale\" content=\"en_US\" \/>\n<meta property=\"og:type\" content=\"article\" \/>\n<meta property=\"og:title\" content=\"Modularer Messestand in Deutschland | Vorteil Modularen Messest\u00e4nde\" \/>\n<meta property=\"og:description\" content=\"Unsere modularen Messestandsysteme sind leicht, kompakt, hochwertig und langlebig. Mit dem modularen Messebausystem k\u00f6nnen Sie Ihren modularen Messestand in einer Gr\u00f6\u00dfe von sechs bis 100 Quadratmetern schnell und einfach ohne fremde Hilfe auf- und abbauen.\" \/>\n<meta property=\"og:url\" content=\"https:\/\/stage.ees-eu.entwicklerpark.de\/de\/modulare-messestande\/\" \/>\n<meta property=\"og:site_name\" content=\"Expo Exhibition Stands\" \/>\n<meta property=\"article:modified_time\" content=\"2025-06-26T10:23:47+00:00\" \/>\n<meta name=\"twitter:card\" content=\"summary_large_image\" \/>\n<meta name=\"twitter:label1\" content=\"Est. reading time\" \/>\n\t<meta name=\"twitter:data1\" content=\"5 minutes\" \/>\n<script type=\"application\/ld+json\" class=\"yoast-schema-graph\">{\"@context\":\"https:\/\/schema.org\",\"@graph\":[{\"@type\":\"WebPage\",\"@id\":\"https:\/\/stage.ees-eu.entwicklerpark.de\/de\/modulare-messestande\/\",\"url\":\"https:\/\/stage.ees-eu.entwicklerpark.de\/de\/modulare-messestande\/\",\"name\":\"Modularer Messestand in Deutschland | Vorteil Modularen Messest\u00e4nde\",\"isPartOf\":{\"@id\":\"https:\/\/stage.ees-eu.entwicklerpark.de\/de\/#website\"},\"datePublished\":\"2025-06-03T12:24:55+00:00\",\"dateModified\":\"2025-06-26T10:23:47+00:00\",\"description\":\"Unsere modularen Messestandsysteme sind leicht, kompakt, hochwertig und langlebig. Mit dem modularen Messebausystem k\u00f6nnen Sie Ihren modularen Messestand in einer Gr\u00f6\u00dfe von sechs bis 100 Quadratmetern schnell und einfach ohne fremde Hilfe auf- und abbauen.\",\"breadcrumb\":{\"@id\":\"https:\/\/stage.ees-eu.entwicklerpark.de\/de\/modulare-messestande\/#breadcrumb\"},\"inLanguage\":\"en-US\",\"potentialAction\":[{\"@type\":\"ReadAction\",\"target\":[\"https:\/\/stage.ees-eu.entwicklerpark.de\/de\/modulare-messestande\/\"]}]},{\"@type\":\"BreadcrumbList\",\"@id\":\"https:\/\/stage.ees-eu.entwicklerpark.de\/de\/modulare-messestande\/#breadcrumb\",\"itemListElement\":[{\"@type\":\"ListItem\",\"position\":1,\"name\":\"Home\",\"item\":\"https:\/\/stage.ees-eu.entwicklerpark.de\/de\/\"},{\"@type\":\"ListItem\",\"position\":2,\"name\":\"Modulare Messestande\"}]},{\"@type\":\"WebSite\",\"@id\":\"https:\/\/stage.ees-eu.entwicklerpark.de\/de\/#website\",\"url\":\"https:\/\/stage.ees-eu.entwicklerpark.de\/de\/\",\"name\":\"Expo Exhibition Stands\",\"description\":\"\",\"publisher\":{\"@id\":\"https:\/\/stage.ees-eu.entwicklerpark.de\/de\/#organization\"},\"potentialAction\":[{\"@type\":\"SearchAction\",\"target\":{\"@type\":\"EntryPoint\",\"urlTemplate\":\"https:\/\/stage.ees-eu.entwicklerpark.de\/de\/?s={search_term_string}\"},\"query-input\":{\"@type\":\"PropertyValueSpecification\",\"valueRequired\":true,\"valueName\":\"search_term_string\"}}],\"inLanguage\":\"en-US\"},{\"@type\":\"Organization\",\"@id\":\"https:\/\/stage.ees-eu.entwicklerpark.de\/de\/#organization\",\"name\":\"Expo Exhibition Stands\",\"url\":\"https:\/\/stage.ees-eu.entwicklerpark.de\/de\/\",\"logo\":{\"@type\":\"ImageObject\",\"inLanguage\":\"en-US\",\"@id\":\"https:\/\/stage.ees-eu.entwicklerpark.de\/de\/#\/schema\/logo\/image\/\",\"url\":\"https:\/\/stage.ees-eu.entwicklerpark.de\/de\/wp-content\/uploads\/2023\/12\/logo-1-2.png\",\"contentUrl\":\"https:\/\/stage.ees-eu.entwicklerpark.de\/de\/wp-content\/uploads\/2023\/12\/logo-1-2.png\",\"width\":170,\"height\":109,\"caption\":\"Expo Exhibition Stands\"},\"image\":{\"@id\":\"https:\/\/stage.ees-eu.entwicklerpark.de\/de\/#\/schema\/logo\/image\/\"}}]}<\/script>\n<!-- \/ Yoast SEO plugin. -->","yoast_head_json":{"title":"Modularer Messestand in Deutschland | Vorteil Modularen Messest\u00e4nde","description":"Unsere modularen Messestandsysteme sind leicht, kompakt, hochwertig und langlebig. Mit dem modularen Messebausystem k\u00f6nnen Sie Ihren modularen Messestand in einer Gr\u00f6\u00dfe von sechs bis 100 Quadratmetern schnell und einfach ohne fremde Hilfe auf- und abbauen.","robots":{"index":"noindex","follow":"follow","max-snippet":"max-snippet:-1","max-image-preview":"max-image-preview:large","max-video-preview":"max-video-preview:-1"},"og_locale":"en_US","og_type":"article","og_title":"Modularer Messestand in Deutschland | Vorteil Modularen Messest\u00e4nde","og_description":"Unsere modularen Messestandsysteme sind leicht, kompakt, hochwertig und langlebig. Mit dem modularen Messebausystem k\u00f6nnen Sie Ihren modularen Messestand in einer Gr\u00f6\u00dfe von sechs bis 100 Quadratmetern schnell und einfach ohne fremde Hilfe auf- und abbauen.","og_url":"https:\/\/stage.ees-eu.entwicklerpark.de\/de\/modulare-messestande\/","og_site_name":"Expo Exhibition Stands","article_modified_time":"2025-06-26T10:23:47+00:00","twitter_card":"summary_large_image","twitter_misc":{"Est. reading time":"5 minutes"},"schema":{"@context":"https:\/\/schema.org","@graph":[{"@type":"WebPage","@id":"https:\/\/stage.ees-eu.entwicklerpark.de\/de\/modulare-messestande\/","url":"https:\/\/stage.ees-eu.entwicklerpark.de\/de\/modulare-messestande\/","name":"Modularer Messestand in Deutschland | Vorteil Modularen Messest\u00e4nde","isPartOf":{"@id":"https:\/\/stage.ees-eu.entwicklerpark.de\/de\/#website"},"datePublished":"2025-06-03T12:24:55+00:00","dateModified":"2025-06-26T10:23:47+00:00","description":"Unsere modularen Messestandsysteme sind leicht, kompakt, hochwertig und langlebig. Mit dem modularen Messebausystem k\u00f6nnen Sie Ihren modularen Messestand in einer Gr\u00f6\u00dfe von sechs bis 100 Quadratmetern schnell und einfach ohne fremde Hilfe auf- und abbauen.","breadcrumb":{"@id":"https:\/\/stage.ees-eu.entwicklerpark.de\/de\/modulare-messestande\/#breadcrumb"},"inLanguage":"en-US","potentialAction":[{"@type":"ReadAction","target":["https:\/\/stage.ees-eu.entwicklerpark.de\/de\/modulare-messestande\/"]}]},{"@type":"BreadcrumbList","@id":"https:\/\/stage.ees-eu.entwicklerpark.de\/de\/modulare-messestande\/#breadcrumb","itemListElement":[{"@type":"ListItem","position":1,"name":"Home","item":"https:\/\/stage.ees-eu.entwicklerpark.de\/de\/"},{"@type":"ListItem","position":2,"name":"Modulare Messestande"}]},{"@type":"WebSite","@id":"https:\/\/stage.ees-eu.entwicklerpark.de\/de\/#website","url":"https:\/\/stage.ees-eu.entwicklerpark.de\/de\/","name":"Expo Exhibition Stands","description":"","publisher":{"@id":"https:\/\/stage.ees-eu.entwicklerpark.de\/de\/#organization"},"potentialAction":[{"@type":"SearchAction","target":{"@type":"EntryPoint","urlTemplate":"https:\/\/stage.ees-eu.entwicklerpark.de\/de\/?s={search_term_string}"},"query-input":{"@type":"PropertyValueSpecification","valueRequired":true,"valueName":"search_term_string"}}],"inLanguage":"en-US"},{"@type":"Organization","@id":"https:\/\/stage.ees-eu.entwicklerpark.de\/de\/#organization","name":"Expo Exhibition Stands","url":"https:\/\/stage.ees-eu.entwicklerpark.de\/de\/","logo":{"@type":"ImageObject","inLanguage":"en-US","@id":"https:\/\/stage.ees-eu.entwicklerpark.de\/de\/#\/schema\/logo\/image\/","url":"https:\/\/stage.ees-eu.entwicklerpark.de\/de\/wp-content\/uploads\/2023\/12\/logo-1-2.png","contentUrl":"https:\/\/stage.ees-eu.entwicklerpark.de\/de\/wp-content\/uploads\/2023\/12\/logo-1-2.png","width":170,"height":109,"caption":"Expo Exhibition Stands"},"image":{"@id":"https:\/\/stage.ees-eu.entwicklerpark.de\/de\/#\/schema\/logo\/image\/"}}]}},"_links":{"self":[{"href":"https:\/\/stage.ees-eu.entwicklerpark.de\/de\/wp-json\/wp\/v2\/pages\/214279","targetHints":{"allow":["GET"]}}],"collection":[{"href":"https:\/\/stage.ees-eu.entwicklerpark.de\/de\/wp-json\/wp\/v2\/pages"}],"about":[{"href":"https:\/\/stage.ees-eu.entwicklerpark.de\/de\/wp-json\/wp\/v2\/types\/page"}],"author":[{"embeddable":true,"href":"https:\/\/stage.ees-eu.entwicklerpark.de\/de\/wp-json\/wp\/v2\/users\/9"}],"replies":[{"embeddable":true,"href":"https:\/\/stage.ees-eu.entwicklerpark.de\/de\/wp-json\/wp\/v2\/comments?post=214279"}],"version-history":[{"count":0,"href":"https:\/\/stage.ees-eu.entwicklerpark.de\/de\/wp-json\/wp\/v2\/pages\/214279\/revisions"}],"wp:attachment":[{"href":"https:\/\/stage.ees-eu.entwicklerpark.de\/de\/wp-json\/wp\/v2\/media?parent=214279"}],"curies":[{"name":"wp","href":"https:\/\/api.w.org\/{rel}","templated":true}]}}