

{"id":215205,"date":"2025-06-20T14:13:16","date_gmt":"2025-06-20T14:13:16","guid":{"rendered":"https:\/\/eeseude.expoexhibitionstands.it\/?page_id=215205"},"modified":"2025-06-20T14:20:46","modified_gmt":"2025-06-20T14:20:46","slug":"kreativer-messestande","status":"publish","type":"page","link":"https:\/\/stage.ees-eu.entwicklerpark.de\/de\/kreativer-messestande\/","title":{"rendered":"Kreativer Messestande"},"content":{"rendered":"","protected":false},"excerpt":{"rendered":"","protected":false},"author":3,"featured_media":0,"parent":0,"menu_order":0,"comment_status":"closed","ping_status":"closed","template":"template\/page-builder.php","meta":{"_acf_changed":false,"footnotes":""},"class_list":["post-215205","page","type-page","status-publish","hentry"],"acf":[],"yoast_head":"<!-- This site is optimized with the Yoast SEO plugin v26.7 - https:\/\/yoast.com\/wordpress\/plugins\/seo\/ -->\n<title>Kreativer Messest\u00e4nde als Raum f\u00fcr Markeninszenierungen<\/title>\n<meta name=\"description\" content=\"Das Design eines Messestandes ist der zentrale Erfolgsfaktor f\u00fcr eine Messebeteiligung. Dabei ist es jedoch nicht nur wichtig, dass das Corporate Design des Unternehmens und sein Charakter in einem kreativen Messestand-Design widergespiegelt werden, sondern dass auch die Raumaufteilung dem formulierten Messeziel angepasst wird.\" \/>\n<meta name=\"robots\" content=\"noindex, follow, max-snippet:-1, max-image-preview:large, max-video-preview:-1\" \/>\n<meta property=\"og:locale\" content=\"en_US\" \/>\n<meta property=\"og:type\" content=\"article\" \/>\n<meta property=\"og:title\" content=\"Kreativer Messest\u00e4nde als Raum f\u00fcr Markeninszenierungen\" \/>\n<meta property=\"og:description\" content=\"Das Design eines Messestandes ist der zentrale Erfolgsfaktor f\u00fcr eine Messebeteiligung. Dabei ist es jedoch nicht nur wichtig, dass das Corporate Design des Unternehmens und sein Charakter in einem kreativen Messestand-Design widergespiegelt werden, sondern dass auch die Raumaufteilung dem formulierten Messeziel angepasst wird.\" \/>\n<meta property=\"og:url\" content=\"https:\/\/stage.ees-eu.entwicklerpark.de\/de\/kreativer-messestande\/\" \/>\n<meta property=\"og:site_name\" content=\"Expo Exhibition Stands\" \/>\n<meta property=\"article:modified_time\" content=\"2025-06-20T14:20:46+00:00\" \/>\n<meta name=\"twitter:card\" content=\"summary_large_image\" \/>\n<meta name=\"twitter:label1\" content=\"Est. reading time\" \/>\n\t<meta name=\"twitter:data1\" content=\"5 minutes\" \/>\n<script type=\"application\/ld+json\" class=\"yoast-schema-graph\">{\"@context\":\"https:\/\/schema.org\",\"@graph\":[{\"@type\":\"WebPage\",\"@id\":\"https:\/\/stage.ees-eu.entwicklerpark.de\/de\/kreativer-messestande\/\",\"url\":\"https:\/\/stage.ees-eu.entwicklerpark.de\/de\/kreativer-messestande\/\",\"name\":\"Kreativer Messest\u00e4nde als Raum f\u00fcr Markeninszenierungen\",\"isPartOf\":{\"@id\":\"https:\/\/stage.ees-eu.entwicklerpark.de\/de\/#website\"},\"datePublished\":\"2025-06-20T14:13:16+00:00\",\"dateModified\":\"2025-06-20T14:20:46+00:00\",\"description\":\"Das Design eines Messestandes ist der zentrale Erfolgsfaktor f\u00fcr eine Messebeteiligung. Dabei ist es jedoch nicht nur wichtig, dass das Corporate Design des Unternehmens und sein Charakter in einem kreativen Messestand-Design widergespiegelt werden, sondern dass auch die Raumaufteilung dem formulierten Messeziel angepasst wird.\",\"breadcrumb\":{\"@id\":\"https:\/\/stage.ees-eu.entwicklerpark.de\/de\/kreativer-messestande\/#breadcrumb\"},\"inLanguage\":\"en-US\",\"potentialAction\":[{\"@type\":\"ReadAction\",\"target\":[\"https:\/\/stage.ees-eu.entwicklerpark.de\/de\/kreativer-messestande\/\"]}]},{\"@type\":\"BreadcrumbList\",\"@id\":\"https:\/\/stage.ees-eu.entwicklerpark.de\/de\/kreativer-messestande\/#breadcrumb\",\"itemListElement\":[{\"@type\":\"ListItem\",\"position\":1,\"name\":\"Home\",\"item\":\"https:\/\/stage.ees-eu.entwicklerpark.de\/de\/\"},{\"@type\":\"ListItem\",\"position\":2,\"name\":\"Kreativer Messestande\"}]},{\"@type\":\"WebSite\",\"@id\":\"https:\/\/stage.ees-eu.entwicklerpark.de\/de\/#website\",\"url\":\"https:\/\/stage.ees-eu.entwicklerpark.de\/de\/\",\"name\":\"Expo Exhibition Stands\",\"description\":\"\",\"publisher\":{\"@id\":\"https:\/\/stage.ees-eu.entwicklerpark.de\/de\/#organization\"},\"potentialAction\":[{\"@type\":\"SearchAction\",\"target\":{\"@type\":\"EntryPoint\",\"urlTemplate\":\"https:\/\/stage.ees-eu.entwicklerpark.de\/de\/?s={search_term_string}\"},\"query-input\":{\"@type\":\"PropertyValueSpecification\",\"valueRequired\":true,\"valueName\":\"search_term_string\"}}],\"inLanguage\":\"en-US\"},{\"@type\":\"Organization\",\"@id\":\"https:\/\/stage.ees-eu.entwicklerpark.de\/de\/#organization\",\"name\":\"Expo Exhibition Stands\",\"url\":\"https:\/\/stage.ees-eu.entwicklerpark.de\/de\/\",\"logo\":{\"@type\":\"ImageObject\",\"inLanguage\":\"en-US\",\"@id\":\"https:\/\/stage.ees-eu.entwicklerpark.de\/de\/#\/schema\/logo\/image\/\",\"url\":\"https:\/\/stage.ees-eu.entwicklerpark.de\/de\/wp-content\/uploads\/2023\/12\/logo-1-2.png\",\"contentUrl\":\"https:\/\/stage.ees-eu.entwicklerpark.de\/de\/wp-content\/uploads\/2023\/12\/logo-1-2.png\",\"width\":170,\"height\":109,\"caption\":\"Expo Exhibition Stands\"},\"image\":{\"@id\":\"https:\/\/stage.ees-eu.entwicklerpark.de\/de\/#\/schema\/logo\/image\/\"}}]}<\/script>\n<!-- \/ Yoast SEO plugin. -->","yoast_head_json":{"title":"Kreativer Messest\u00e4nde als Raum f\u00fcr Markeninszenierungen","description":"Das Design eines Messestandes ist der zentrale Erfolgsfaktor f\u00fcr eine Messebeteiligung. Dabei ist es jedoch nicht nur wichtig, dass das Corporate Design des Unternehmens und sein Charakter in einem kreativen Messestand-Design widergespiegelt werden, sondern dass auch die Raumaufteilung dem formulierten Messeziel angepasst wird.","robots":{"index":"noindex","follow":"follow","max-snippet":"max-snippet:-1","max-image-preview":"max-image-preview:large","max-video-preview":"max-video-preview:-1"},"og_locale":"en_US","og_type":"article","og_title":"Kreativer Messest\u00e4nde als Raum f\u00fcr Markeninszenierungen","og_description":"Das Design eines Messestandes ist der zentrale Erfolgsfaktor f\u00fcr eine Messebeteiligung. Dabei ist es jedoch nicht nur wichtig, dass das Corporate Design des Unternehmens und sein Charakter in einem kreativen Messestand-Design widergespiegelt werden, sondern dass auch die Raumaufteilung dem formulierten Messeziel angepasst wird.","og_url":"https:\/\/stage.ees-eu.entwicklerpark.de\/de\/kreativer-messestande\/","og_site_name":"Expo Exhibition Stands","article_modified_time":"2025-06-20T14:20:46+00:00","twitter_card":"summary_large_image","twitter_misc":{"Est. reading time":"5 minutes"},"schema":{"@context":"https:\/\/schema.org","@graph":[{"@type":"WebPage","@id":"https:\/\/stage.ees-eu.entwicklerpark.de\/de\/kreativer-messestande\/","url":"https:\/\/stage.ees-eu.entwicklerpark.de\/de\/kreativer-messestande\/","name":"Kreativer Messest\u00e4nde als Raum f\u00fcr Markeninszenierungen","isPartOf":{"@id":"https:\/\/stage.ees-eu.entwicklerpark.de\/de\/#website"},"datePublished":"2025-06-20T14:13:16+00:00","dateModified":"2025-06-20T14:20:46+00:00","description":"Das Design eines Messestandes ist der zentrale Erfolgsfaktor f\u00fcr eine Messebeteiligung. Dabei ist es jedoch nicht nur wichtig, dass das Corporate Design des Unternehmens und sein Charakter in einem kreativen Messestand-Design widergespiegelt werden, sondern dass auch die Raumaufteilung dem formulierten Messeziel angepasst wird.","breadcrumb":{"@id":"https:\/\/stage.ees-eu.entwicklerpark.de\/de\/kreativer-messestande\/#breadcrumb"},"inLanguage":"en-US","potentialAction":[{"@type":"ReadAction","target":["https:\/\/stage.ees-eu.entwicklerpark.de\/de\/kreativer-messestande\/"]}]},{"@type":"BreadcrumbList","@id":"https:\/\/stage.ees-eu.entwicklerpark.de\/de\/kreativer-messestande\/#breadcrumb","itemListElement":[{"@type":"ListItem","position":1,"name":"Home","item":"https:\/\/stage.ees-eu.entwicklerpark.de\/de\/"},{"@type":"ListItem","position":2,"name":"Kreativer Messestande"}]},{"@type":"WebSite","@id":"https:\/\/stage.ees-eu.entwicklerpark.de\/de\/#website","url":"https:\/\/stage.ees-eu.entwicklerpark.de\/de\/","name":"Expo Exhibition Stands","description":"","publisher":{"@id":"https:\/\/stage.ees-eu.entwicklerpark.de\/de\/#organization"},"potentialAction":[{"@type":"SearchAction","target":{"@type":"EntryPoint","urlTemplate":"https:\/\/stage.ees-eu.entwicklerpark.de\/de\/?s={search_term_string}"},"query-input":{"@type":"PropertyValueSpecification","valueRequired":true,"valueName":"search_term_string"}}],"inLanguage":"en-US"},{"@type":"Organization","@id":"https:\/\/stage.ees-eu.entwicklerpark.de\/de\/#organization","name":"Expo Exhibition Stands","url":"https:\/\/stage.ees-eu.entwicklerpark.de\/de\/","logo":{"@type":"ImageObject","inLanguage":"en-US","@id":"https:\/\/stage.ees-eu.entwicklerpark.de\/de\/#\/schema\/logo\/image\/","url":"https:\/\/stage.ees-eu.entwicklerpark.de\/de\/wp-content\/uploads\/2023\/12\/logo-1-2.png","contentUrl":"https:\/\/stage.ees-eu.entwicklerpark.de\/de\/wp-content\/uploads\/2023\/12\/logo-1-2.png","width":170,"height":109,"caption":"Expo Exhibition Stands"},"image":{"@id":"https:\/\/stage.ees-eu.entwicklerpark.de\/de\/#\/schema\/logo\/image\/"}}]}},"_links":{"self":[{"href":"https:\/\/stage.ees-eu.entwicklerpark.de\/de\/wp-json\/wp\/v2\/pages\/215205","targetHints":{"allow":["GET"]}}],"collection":[{"href":"https:\/\/stage.ees-eu.entwicklerpark.de\/de\/wp-json\/wp\/v2\/pages"}],"about":[{"href":"https:\/\/stage.ees-eu.entwicklerpark.de\/de\/wp-json\/wp\/v2\/types\/page"}],"author":[{"embeddable":true,"href":"https:\/\/stage.ees-eu.entwicklerpark.de\/de\/wp-json\/wp\/v2\/users\/3"}],"replies":[{"embeddable":true,"href":"https:\/\/stage.ees-eu.entwicklerpark.de\/de\/wp-json\/wp\/v2\/comments?post=215205"}],"version-history":[{"count":0,"href":"https:\/\/stage.ees-eu.entwicklerpark.de\/de\/wp-json\/wp\/v2\/pages\/215205\/revisions"}],"wp:attachment":[{"href":"https:\/\/stage.ees-eu.entwicklerpark.de\/de\/wp-json\/wp\/v2\/media?parent=215205"}],"curies":[{"name":"wp","href":"https:\/\/api.w.org\/{rel}","templated":true}]}}