

{"id":215255,"date":"2025-06-25T11:40:02","date_gmt":"2025-06-25T11:40:02","guid":{"rendered":"https:\/\/eeseude.expoexhibitionstands.it\/?page_id=215255"},"modified":"2025-07-04T05:19:44","modified_gmt":"2025-07-04T05:19:44","slug":"messeorte","status":"publish","type":"page","link":"https:\/\/stage.ees-eu.entwicklerpark.de\/de\/messen\/messeorte\/","title":{"rendered":"Messeorte"},"content":{"rendered":"","protected":false},"excerpt":{"rendered":"","protected":false},"author":5,"featured_media":0,"parent":0,"menu_order":0,"comment_status":"closed","ping_status":"closed","template":"template\/page-builder.php","meta":{"_acf_changed":false,"footnotes":""},"class_list":["post-215255","page","type-page","status-publish","hentry"],"acf":[],"yoast_head":"<!-- This site is optimized with the Yoast SEO plugin v26.7 - https:\/\/yoast.com\/wordpress\/plugins\/seo\/ -->\n<title>Messeorte<\/title>\n<meta name=\"description\" content=\"Ein Eckstand verf\u00fcgt \u00fcber zwei offene Seiten und ist jeweils am Ende einer Reihe platziert. Es existieren unz\u00e4hligen Gestaltungsm\u00f6glichkeiten f\u00fcr einen Eckmessestand. Deshalb wird er auch als \u201cBlickfang auf dem Messegel\u00e4nde\u201d bezeichnet.\" \/>\n<meta name=\"robots\" content=\"noindex, follow, max-snippet:-1, max-image-preview:large, max-video-preview:-1\" \/>\n<meta property=\"og:locale\" content=\"en_US\" \/>\n<meta property=\"og:type\" content=\"article\" \/>\n<meta property=\"og:title\" content=\"Messeorte\" \/>\n<meta property=\"og:description\" content=\"Ein Eckstand verf\u00fcgt \u00fcber zwei offene Seiten und ist jeweils am Ende einer Reihe platziert. Es existieren unz\u00e4hligen Gestaltungsm\u00f6glichkeiten f\u00fcr einen Eckmessestand. Deshalb wird er auch als \u201cBlickfang auf dem Messegel\u00e4nde\u201d bezeichnet.\" \/>\n<meta property=\"og:url\" content=\"https:\/\/stage.ees-eu.entwicklerpark.de\/de\/messen\/messeorte\/\" \/>\n<meta property=\"og:site_name\" content=\"Expo Exhibition Stands\" \/>\n<meta property=\"article:modified_time\" content=\"2025-07-04T05:19:44+00:00\" \/>\n<meta name=\"twitter:card\" content=\"summary_large_image\" \/>\n<meta name=\"twitter:label1\" content=\"Est. reading time\" \/>\n\t<meta name=\"twitter:data1\" content=\"17 minutes\" \/>\n<script type=\"application\/ld+json\" class=\"yoast-schema-graph\">{\"@context\":\"https:\/\/schema.org\",\"@graph\":[{\"@type\":\"WebPage\",\"@id\":\"https:\/\/stage.ees-eu.entwicklerpark.de\/de\/messen\/messeorte\/\",\"url\":\"https:\/\/stage.ees-eu.entwicklerpark.de\/de\/messen\/messeorte\/\",\"name\":\"Messeorte\",\"isPartOf\":{\"@id\":\"https:\/\/stage.ees-eu.entwicklerpark.de\/de\/#website\"},\"datePublished\":\"2025-06-25T11:40:02+00:00\",\"dateModified\":\"2025-07-04T05:19:44+00:00\",\"description\":\"Ein Eckstand verf\u00fcgt \u00fcber zwei offene Seiten und ist jeweils am Ende einer Reihe platziert. Es existieren unz\u00e4hligen Gestaltungsm\u00f6glichkeiten f\u00fcr einen Eckmessestand. Deshalb wird er auch als \u201cBlickfang auf dem Messegel\u00e4nde\u201d bezeichnet.\",\"breadcrumb\":{\"@id\":\"https:\/\/stage.ees-eu.entwicklerpark.de\/de\/messen\/messeorte\/#breadcrumb\"},\"inLanguage\":\"en-US\",\"potentialAction\":[{\"@type\":\"ReadAction\",\"target\":[\"https:\/\/stage.ees-eu.entwicklerpark.de\/de\/messen\/messeorte\/\"]}]},{\"@type\":\"BreadcrumbList\",\"@id\":\"https:\/\/stage.ees-eu.entwicklerpark.de\/de\/messen\/messeorte\/#breadcrumb\",\"itemListElement\":[{\"@type\":\"ListItem\",\"position\":1,\"name\":\"Home\",\"item\":\"https:\/\/stage.ees-eu.entwicklerpark.de\/de\/\"},{\"@type\":\"ListItem\",\"position\":2,\"name\":\"Messeorte\"}]},{\"@type\":\"WebSite\",\"@id\":\"https:\/\/stage.ees-eu.entwicklerpark.de\/de\/#website\",\"url\":\"https:\/\/stage.ees-eu.entwicklerpark.de\/de\/\",\"name\":\"Expo Exhibition Stands\",\"description\":\"\",\"publisher\":{\"@id\":\"https:\/\/stage.ees-eu.entwicklerpark.de\/de\/#organization\"},\"potentialAction\":[{\"@type\":\"SearchAction\",\"target\":{\"@type\":\"EntryPoint\",\"urlTemplate\":\"https:\/\/stage.ees-eu.entwicklerpark.de\/de\/?s={search_term_string}\"},\"query-input\":{\"@type\":\"PropertyValueSpecification\",\"valueRequired\":true,\"valueName\":\"search_term_string\"}}],\"inLanguage\":\"en-US\"},{\"@type\":\"Organization\",\"@id\":\"https:\/\/stage.ees-eu.entwicklerpark.de\/de\/#organization\",\"name\":\"Expo Exhibition Stands\",\"url\":\"https:\/\/stage.ees-eu.entwicklerpark.de\/de\/\",\"logo\":{\"@type\":\"ImageObject\",\"inLanguage\":\"en-US\",\"@id\":\"https:\/\/stage.ees-eu.entwicklerpark.de\/de\/#\/schema\/logo\/image\/\",\"url\":\"https:\/\/stage.ees-eu.entwicklerpark.de\/de\/wp-content\/uploads\/2023\/12\/logo-1-2.png\",\"contentUrl\":\"https:\/\/stage.ees-eu.entwicklerpark.de\/de\/wp-content\/uploads\/2023\/12\/logo-1-2.png\",\"width\":170,\"height\":109,\"caption\":\"Expo Exhibition Stands\"},\"image\":{\"@id\":\"https:\/\/stage.ees-eu.entwicklerpark.de\/de\/#\/schema\/logo\/image\/\"}}]}<\/script>\n<!-- \/ Yoast SEO plugin. -->","yoast_head_json":{"title":"Messeorte","description":"Ein Eckstand verf\u00fcgt \u00fcber zwei offene Seiten und ist jeweils am Ende einer Reihe platziert. Es existieren unz\u00e4hligen Gestaltungsm\u00f6glichkeiten f\u00fcr einen Eckmessestand. Deshalb wird er auch als \u201cBlickfang auf dem Messegel\u00e4nde\u201d bezeichnet.","robots":{"index":"noindex","follow":"follow","max-snippet":"max-snippet:-1","max-image-preview":"max-image-preview:large","max-video-preview":"max-video-preview:-1"},"og_locale":"en_US","og_type":"article","og_title":"Messeorte","og_description":"Ein Eckstand verf\u00fcgt \u00fcber zwei offene Seiten und ist jeweils am Ende einer Reihe platziert. Es existieren unz\u00e4hligen Gestaltungsm\u00f6glichkeiten f\u00fcr einen Eckmessestand. Deshalb wird er auch als \u201cBlickfang auf dem Messegel\u00e4nde\u201d bezeichnet.","og_url":"https:\/\/stage.ees-eu.entwicklerpark.de\/de\/messen\/messeorte\/","og_site_name":"Expo Exhibition Stands","article_modified_time":"2025-07-04T05:19:44+00:00","twitter_card":"summary_large_image","twitter_misc":{"Est. reading time":"17 minutes"},"schema":{"@context":"https:\/\/schema.org","@graph":[{"@type":"WebPage","@id":"https:\/\/stage.ees-eu.entwicklerpark.de\/de\/messen\/messeorte\/","url":"https:\/\/stage.ees-eu.entwicklerpark.de\/de\/messen\/messeorte\/","name":"Messeorte","isPartOf":{"@id":"https:\/\/stage.ees-eu.entwicklerpark.de\/de\/#website"},"datePublished":"2025-06-25T11:40:02+00:00","dateModified":"2025-07-04T05:19:44+00:00","description":"Ein Eckstand verf\u00fcgt \u00fcber zwei offene Seiten und ist jeweils am Ende einer Reihe platziert. Es existieren unz\u00e4hligen Gestaltungsm\u00f6glichkeiten f\u00fcr einen Eckmessestand. Deshalb wird er auch als \u201cBlickfang auf dem Messegel\u00e4nde\u201d bezeichnet.","breadcrumb":{"@id":"https:\/\/stage.ees-eu.entwicklerpark.de\/de\/messen\/messeorte\/#breadcrumb"},"inLanguage":"en-US","potentialAction":[{"@type":"ReadAction","target":["https:\/\/stage.ees-eu.entwicklerpark.de\/de\/messen\/messeorte\/"]}]},{"@type":"BreadcrumbList","@id":"https:\/\/stage.ees-eu.entwicklerpark.de\/de\/messen\/messeorte\/#breadcrumb","itemListElement":[{"@type":"ListItem","position":1,"name":"Home","item":"https:\/\/stage.ees-eu.entwicklerpark.de\/de\/"},{"@type":"ListItem","position":2,"name":"Messeorte"}]},{"@type":"WebSite","@id":"https:\/\/stage.ees-eu.entwicklerpark.de\/de\/#website","url":"https:\/\/stage.ees-eu.entwicklerpark.de\/de\/","name":"Expo Exhibition Stands","description":"","publisher":{"@id":"https:\/\/stage.ees-eu.entwicklerpark.de\/de\/#organization"},"potentialAction":[{"@type":"SearchAction","target":{"@type":"EntryPoint","urlTemplate":"https:\/\/stage.ees-eu.entwicklerpark.de\/de\/?s={search_term_string}"},"query-input":{"@type":"PropertyValueSpecification","valueRequired":true,"valueName":"search_term_string"}}],"inLanguage":"en-US"},{"@type":"Organization","@id":"https:\/\/stage.ees-eu.entwicklerpark.de\/de\/#organization","name":"Expo Exhibition Stands","url":"https:\/\/stage.ees-eu.entwicklerpark.de\/de\/","logo":{"@type":"ImageObject","inLanguage":"en-US","@id":"https:\/\/stage.ees-eu.entwicklerpark.de\/de\/#\/schema\/logo\/image\/","url":"https:\/\/stage.ees-eu.entwicklerpark.de\/de\/wp-content\/uploads\/2023\/12\/logo-1-2.png","contentUrl":"https:\/\/stage.ees-eu.entwicklerpark.de\/de\/wp-content\/uploads\/2023\/12\/logo-1-2.png","width":170,"height":109,"caption":"Expo Exhibition Stands"},"image":{"@id":"https:\/\/stage.ees-eu.entwicklerpark.de\/de\/#\/schema\/logo\/image\/"}}]}},"_links":{"self":[{"href":"https:\/\/stage.ees-eu.entwicklerpark.de\/de\/wp-json\/wp\/v2\/pages\/215255","targetHints":{"allow":["GET"]}}],"collection":[{"href":"https:\/\/stage.ees-eu.entwicklerpark.de\/de\/wp-json\/wp\/v2\/pages"}],"about":[{"href":"https:\/\/stage.ees-eu.entwicklerpark.de\/de\/wp-json\/wp\/v2\/types\/page"}],"author":[{"embeddable":true,"href":"https:\/\/stage.ees-eu.entwicklerpark.de\/de\/wp-json\/wp\/v2\/users\/5"}],"replies":[{"embeddable":true,"href":"https:\/\/stage.ees-eu.entwicklerpark.de\/de\/wp-json\/wp\/v2\/comments?post=215255"}],"version-history":[{"count":0,"href":"https:\/\/stage.ees-eu.entwicklerpark.de\/de\/wp-json\/wp\/v2\/pages\/215255\/revisions"}],"wp:attachment":[{"href":"https:\/\/stage.ees-eu.entwicklerpark.de\/de\/wp-json\/wp\/v2\/media?parent=215255"}],"curies":[{"name":"wp","href":"https:\/\/api.w.org\/{rel}","templated":true}]}}